{"id":24,"date":"2016-03-23T07:43:13","date_gmt":"2016-03-23T07:43:13","guid":{"rendered":"http:\/\/demos.artbees.net\/jupiter5\/hera\/?page_id=24"},"modified":"2024-01-29T21:19:58","modified_gmt":"2024-01-29T21:19:58","slug":"home","status":"publish","type":"page","link":"https:\/\/home-services.cl\/site\/","title":{"rendered":"Home"},"content":{"rendered":"[vc_row visibility=\u00bbhidden-nb\u00bb][vc_column][mk_layerslider id=\u00bb3&#8243;][\/vc_column][\/vc_row][vc_row visibility=\u00bbvisible-nb\u00bb css=\u00bb.vc_custom_1581967499692{background-image: url(https:\/\/home-services.cl\/site\/wp-content\/uploads\/2019\/12\/cerrajer\u00cda-gasfiter\u00cda-fumigaci\u00d3n-pintura-herrer\u00cda-y-soldadura.jpg?id=852) !important;background-position: center !important;background-repeat: no-repeat !important;background-size: cover !important;}\u00bb][vc_column][mk_padding_divider][mk_fancy_title tag_name=\u00bbh1&#8243; font_family=\u00bbnone\u00bb drop_shadow=\u00bbtrue\u00bb shadow_angle=\u00bb0&#8243; shadow_distance=\u00bb0&#8243; shadow_blur=\u00bb5&#8243; shadow_color=\u00bb#ffffff\u00bb]\n<h1 style=\"text-align: center;\"><span style=\"color: #0f4c82;\">\u00a1Servicios a domicilio!<\/span><br \/>\n<span style=\"color: #0f4c82;\">En todo Santiago de Chile 24 horas<\/span><\/h1>\n[\/mk_fancy_title][mk_padding_divider][\/vc_column][\/vc_row][vc_row][vc_column][mk_padding_divider size=\u00bb60&#8243;][\/vc_column][\/vc_row][vc_row][vc_column][mk_fancy_title tag_name=\u00bbspan\u00bb size=\u00bb80&#8243; force_font_size=\u00bbtrue\u00bb size_tablet=\u00bb30&#8243; size_phone=\u00bb30&#8243; font_weight=\u00bbbold\u00bb txt_transform=\u00bbcapitalize\u00bb margin_bottom=\u00bb0&#8243; font_family=\u00bbnone\u00bb align=\u00bbcenter\u00bb]\n<h2><span style=\"color: #0f4c82;\">24 horas al d\u00eda<br \/>\nservicio de reparaciones<br \/>\ndirecto a tu casa u oficina<\/span><\/h2>\n[\/mk_fancy_title][mk_divider style=\u00bbthin_solid\u00bb divider_width=\u00bbcustom_width\u00bb custom_width=\u00bb200&#8243; thin_single_color=\u00bb#fbdb01&#8243; thickness=\u00bb3&#8243; margin_top=\u00bb10&#8243; margin_bottom=\u00bb60&#8243;][vc_row_inner][vc_column_inner width=\u00bb1\/12&#8243;][\/vc_column_inner][vc_column_inner width=\u00bb10\/12&#8243;][vc_column_text disable_pattern=\u00bbfalse\u00bb align=\u00bbcenter\u00bb css=\u00bb.vc_custom_1623336852961{margin-bottom: 0px !important;}\u00bb]\n<div style=\"font-size: 24px; line-height: 1.30em;\"><span style=\"color: #999999;\">Home Services ofrece los mejores servicios para el hogar y oficina en todo Santiago de Chile.\u00a0<\/span><span style=\"color: #999999;\">Servicio de cerrajer\u00eda comercial, residencial y automotriz; nuestro personal tiene las herramientas y la experiencia necesaria para atender todas sus necesidades.<\/span><\/div>\n<div style=\"font-size: 24px; line-height: 1.30em;\"><span style=\"color: #999999;\">Contacta con nuestro equipo para conocer todo lo que podemos hacer por ti&#8230;<\/span><\/div>\n[\/vc_column_text][\/vc_column_inner][vc_column_inner width=\u00bb1\/12&#8243;][\/vc_column_inner][\/vc_row_inner][\/vc_column][\/vc_row][vc_row][vc_column][mk_padding_divider size=\u00bb70&#8243;][mk_fancy_title size=\u00bb80&#8243; force_font_size=\u00bbtrue\u00bb size_tablet=\u00bb30&#8243; size_phone=\u00bb30&#8243; font_weight=\u00bbbold\u00bb txt_transform=\u00bbcapitalize\u00bb margin_bottom=\u00bb0&#8243; font_family=\u00bbnone\u00bb align=\u00bbcenter\u00bb]\n<h2><span style=\"color: #0f4c82;\">Nuestros servicios<\/span><\/h2>\n[\/mk_fancy_title][mk_padding_divider size=\u00bb70&#8243;][\/vc_column][\/vc_row][vc_row][vc_column width=\u00bb1\/2&#8243;][mk_custom_box padding_vertical=\u00bb10&#8243; padding_horizental=\u00bb10&#8243; bg_color=\u00bb#0f4c82&#8243; background_hov_color_style=\u00bbimage\u00bb bg_hov_color=\u00bb#fbdb01&#8243; bg_stretch=\u00bbfalse\u00bb][mk_image src=\u00bbhttps:\/\/home-services.cl\/site\/wp-content\/uploads\/2019\/03\/cerrajero-24-horas-a-domicilio3.jpg\u00bb image_size=\u00bbfull\u00bb align=\u00bbcenter\u00bb margin_bottom=\u00bb30&#8243;][mk_fancy_title tag_name=\u00bbh5&#8243; color=\u00bb#ffffff\u00bb size=\u00bb18&#8243; font_weight=\u00bbbold\u00bb txt_transform=\u00bbuppercase\u00bb margin_bottom=\u00bb0&#8243; font_family=\u00bbnone\u00bb align=\u00bbcenter\u00bb]Cerrajer\u00eda Residencial[\/mk_fancy_title][vc_column_text align=\u00bbcenter\u00bb css=\u00bb.vc_custom_1607801750967{margin-bottom: 0px !important;}\u00bb]<span style=\"color: #ffffff;\">Brindamos soluciones inmediatas y seguridad a nuestros clientes a trav\u00e9s de nuestro excelente servicio, ofrecido por los mejores expertos y t\u00e9cnicos, con productos de la m\u00e1s alta calidad y en el menor tiempo posible \u00a1cotice con nosotros directamente desde WhatsApp!<\/span>[\/vc_column_text][mk_button dimension=\u00bbflat\u00bb size=\u00bbmedium\u00bb icon=\u00bbmk-li-key\u00bb url=\u00bbhttps:\/\/home-services.cl\/site\/cerrajero-a-domicilio\/\u00bb align=\u00bbcenter\u00bb bg_color=\u00bb#ffffff\u00bb btn_hover_bg=\u00bb#ffffff\u00bb text_color=\u00bbdark\u00bb btn_hover_txt_color=\u00bb#0f4c82&#8243;]CONT\u00c1CTANOS[\/mk_button][\/mk_custom_box][\/vc_column][vc_column width=\u00bb1\/2&#8243;][mk_custom_box padding_vertical=\u00bb20&#8243; padding_horizental=\u00bb10&#8243; bg_color=\u00bb#0f4c82&#8243; background_hov_color_style=\u00bbimage\u00bb bg_hov_color=\u00bb#fbdb01&#8243; bg_stretch=\u00bbfalse\u00bb][mk_image src=\u00bbhttps:\/\/home-services.cl\/site\/wp-content\/uploads\/2021\/06\/instalacion-chapas-comerciales.jpg\u00bb image_size=\u00bbfull\u00bb align=\u00bbcenter\u00bb margin_bottom=\u00bb30&#8243;][mk_fancy_title tag_name=\u00bbh5&#8243; color=\u00bb#ffffff\u00bb size=\u00bb18&#8243; font_weight=\u00bbbold\u00bb txt_transform=\u00bbuppercase\u00bb margin_bottom=\u00bb0&#8243; font_family=\u00bbnone\u00bb align=\u00bbcenter\u00bb]Cerrajer\u00eda Comercial[\/mk_fancy_title][vc_column_text align=\u00bbcenter\u00bb css=\u00bb.vc_custom_1623336680577{margin-bottom: 0px !important;}\u00bb]<span style=\"color: #ffffff;\">Obtenga los resultados deseados con nuestro equipo de cerrajeros, somos t\u00e9cnicos oficiales de Yale \u00a9 y Ori \u00a9, somos especialistas en instalaci\u00f3n de chapas de sobreponer, chapas para madera, chapas el\u00e9ctricas y chapas de seguridad, garantizamos altos est\u00e1ndares y resultados inmediatos.<\/span>[\/vc_column_text][mk_button dimension=\u00bbflat\u00bb size=\u00bbmedium\u00bb icon=\u00bbmk-li-key\u00bb url=\u00bbhttps:\/\/home-services.cl\/site\/cerrajero-a-domicilio\/\u00bb align=\u00bbcenter\u00bb bg_color=\u00bb#ffffff\u00bb btn_hover_bg=\u00bb#ffffff\u00bb text_color=\u00bbdark\u00bb btn_hover_txt_color=\u00bb#0f4c82&#8243;]CONT\u00c1CTANOS[\/mk_button][\/mk_custom_box][\/vc_column][\/vc_row][vc_row][vc_column][mk_padding_divider size=\u00bb150&#8243;][\/vc_column][\/vc_row][mk_page_section bg_image=\u00bbhttps:\/\/home-services.cl\/site\/wp-content\/uploads\/2021\/06\/servicios-al-hogar-domicilio-santiago-de-chile-2021.jpg\u00bb bg_position=\u00bbcenter center\u00bb bg_repeat=\u00bbno-repeat\u00bb bg_stretch=\u00bbtrue\u00bb video_opacity=\u00bb0.9&#8243; padding_top=\u00bb160&#8243; padding_bottom=\u00bb120&#8243; has_top_shape_divider=\u00bbtrue\u00bb top_shape_style=\u00bbfolded-top\u00bb top_shape_color=\u00bb#ffffff\u00bb top_shape_bg_color=\u00bbrgba(0,0,0,0.01)\u00bb has_bottom_shape_divider=\u00bbtrue\u00bb bottom_shape_style=\u00bbfolded-bottom\u00bb bottom_shape_color=\u00bb#ffffff\u00bb bottom_shape_bg_color=\u00bbrgba(255,255,255,0.01)\u00bb sidebar=\u00bbsidebar-1&#8243;][vc_column width=\u00bb1\/2&#8243;][vc_row_inner][vc_column_inner][mk_fancy_title tag_name=\u00bbh3&#8243; color=\u00bb#fbdb01&#8243; size=\u00bb50&#8243; line_height=\u00bb90&#8243; font_weight=\u00bbbold\u00bb txt_transform=\u00bbcapitalize\u00bb margin_bottom=\u00bb0&#8243; font_family=\u00bbnone\u00bb]grandes razones[\/mk_fancy_title][mk_fancy_title tag_name=\u00bbh5&#8243; color=\u00bb#0f4c82&#8243; size=\u00bb50&#8243; line_height=\u00bb90&#8243; font_weight=\u00bb300&#8243; txt_transform=\u00bbcapitalize\u00bb margin_bottom=\u00bb0&#8243; font_family=\u00bbnone\u00bb]Home Services[\/mk_fancy_title][mk_padding_divider][mk_icon_box icon=\u00bbmk-icon-angle-right\u00bb title=\u00bbSoluciones seguras y r\u00e1pidas\u00bb text_size=\u00bb18&#8243; font_weight=\u00bbbold\u00bb style=\u00bbsimple_ultimate\u00bb icon_size=\u00bbmedium\u00bb icon_color=\u00bb#fbdb01&#8243; title_color=\u00bb#0f4c82&#8243; txt_color=\u00bb#999999&#8243; margin=\u00bb20&#8243;][\/mk_icon_box][mk_icon_box icon=\u00bbmk-icon-angle-right\u00bb title=\u00bbPersonal capacitado\u00bb text_size=\u00bb18&#8243; font_weight=\u00bbbold\u00bb style=\u00bbsimple_ultimate\u00bb icon_size=\u00bbmedium\u00bb icon_color=\u00bb#fbdb01&#8243; title_color=\u00bb#0f4c82&#8243; txt_color=\u00bb#999999&#8243; margin=\u00bb20&#8243;][\/mk_icon_box][mk_icon_box icon=\u00bbmk-icon-angle-right\u00bb title=\u00bbDisponibilidad 24 horas los 7 d\u00edas de la semana\u00bb text_size=\u00bb18&#8243; font_weight=\u00bbbold\u00bb style=\u00bbsimple_ultimate\u00bb icon_size=\u00bbmedium\u00bb icon_color=\u00bb#fbdb01&#8243; title_color=\u00bb#0f4c82&#8243; txt_color=\u00bb#999999&#8243; margin=\u00bb20&#8243;][\/mk_icon_box][mk_icon_box icon=\u00bbmk-icon-angle-right\u00bb title=\u00bbAsistencia online\u00bb text_size=\u00bb18&#8243; font_weight=\u00bbbold\u00bb style=\u00bbsimple_ultimate\u00bb icon_size=\u00bbmedium\u00bb icon_color=\u00bb#fbdb01&#8243; title_color=\u00bb#0f4c82&#8243; txt_color=\u00bb#999999&#8243; margin=\u00bb20&#8243;][\/mk_icon_box][mk_icon_box icon=\u00bbmk-icon-angle-right\u00bb title=\u00bbLocal comercial en el Unimarc\u00bb text_size=\u00bb18&#8243; font_weight=\u00bbbold\u00bb style=\u00bbsimple_ultimate\u00bb icon_size=\u00bbmedium\u00bb icon_color=\u00bb#fbdb01&#8243; title_color=\u00bb#0f4c82&#8243; txt_color=\u00bb#999999&#8243; margin=\u00bb20&#8243;][\/mk_icon_box][\/vc_column_inner][\/vc_row_inner][\/vc_column][vc_column width=\u00bb1\/2&#8243;][vc_row_inner][vc_column_inner][mk_padding_divider size=\u00bb20&#8243; visibility=\u00bbvisible-sm\u00bb][mk_fancy_title tag_name=\u00bbh3&#8243; color=\u00bb#0f4c82&#8243; size=\u00bb30&#8243; force_font_size=\u00bbtrue\u00bb size_phone=\u00bb20&#8243; font_weight=\u00bbbold\u00bb txt_transform=\u00bbcapitalize\u00bb margin_bottom=\u00bb0&#8243; font_family=\u00bbnone\u00bb align=\u00bbcenter\u00bb]Nuestros servicios<br \/>\ntienen todo lo<br \/>\nque est\u00e1s buscando[\/mk_fancy_title][mk_padding_divider][\/vc_column_inner][\/vc_row_inner][vc_row_inner][vc_column_inner width=\u00bb1\/2&#8243;][mk_icon_box2 icon_size=\u00bb48&#8243; icon=\u00bbmk-icon-star-o\u00bb icon_color=\u00bb#fbdb01&#8243; title=\u00bbEquipos de alta tecnolog\u00eda\u00bb title_size=\u00bb18&#8243; title_weight=\u00bbbold\u00bb title_color=\u00bb#ffffff\u00bb title_top_padding=\u00bb0&#8243; title_bottom_padding=\u00bb20&#8243; description_color=\u00bb#ffffff\u00bb]Contamos con equipos y herramientas de \u00faltima tecnolog\u00eda que nos permiten prestar servicios de alta calidad[\/mk_icon_box2][mk_icon_box2 icon_size=\u00bb48&#8243; icon=\u00bbmk-icon-bank\u00bb icon_color=\u00bb#fbdb01&#8243; title=\u00bbExperiencia comprobada\u00bb title_size=\u00bb18&#8243; title_weight=\u00bbbold\u00bb title_color=\u00bb#ffffff\u00bb title_top_padding=\u00bb0&#8243; title_bottom_padding=\u00bb20&#8243; description_color=\u00bb#ffffff\u00bb]Contamos con m\u00e1s de 5 a\u00f1os de experiencia en el sector de la cerrajer\u00eda, la confianza plena depositada en nosotros por los clientes a lo largo de estos a\u00f1os avala nuestro servicio[\/mk_icon_box2][\/vc_column_inner][vc_column_inner width=\u00bb1\/2&#8243;][mk_icon_box2 icon_size=\u00bb48&#8243; icon=\u00bbmk-icon-users\u00bb icon_color=\u00bb#fbdb01&#8243; title=\u00bbPersonal capacitado\u00bb title_size=\u00bb18&#8243; title_weight=\u00bbbold\u00bb title_color=\u00bb#ffffff\u00bb title_top_padding=\u00bb0&#8243; title_bottom_padding=\u00bb20&#8243; description_color=\u00bb#ffffff\u00bb]Nuestros t\u00e9cnicos est\u00e1n debidamente entrenados y capacitados los cuales comparten los principios y valores de nuestra organizaci\u00f3n.[\/mk_icon_box2][mk_icon_box2 icon_size=\u00bb48&#8243; icon=\u00bbmk-icon-truck\u00bb icon_color=\u00bb#fbdb01&#8243; title=\u00bbM\u00e1xima Seguridad\u00bb title_size=\u00bb18&#8243; title_weight=\u00bbbold\u00bb title_color=\u00bb#ffffff\u00bb title_top_padding=\u00bb0&#8243; title_bottom_padding=\u00bb20&#8243; description_color=\u00bb#ffffff\u00bb]Solo trabajamos con materiales de calidad, equipos certificados y primeras marcas, \u00a1tu seguridad nos importa! Contamos con todo el material necesario y las herramientas adecuadas para enfrentar cualquier reto.[\/mk_icon_box2][\/vc_column_inner][\/vc_row_inner][\/vc_column][\/mk_page_section][vc_row][vc_column][mk_padding_divider size=\u00bb120&#8243;][\/vc_column][\/vc_row][vc_row fullwidth=\u00bbtrue\u00bb fullwidth_content=\u00bbfalse\u00bb][vc_column][mk_fancy_title color=\u00bb#0f4c82&#8243; size=\u00bb40&#8243; font_weight=\u00bb400&#8243; txt_transform=\u00bbcapitalize\u00bb margin_bottom=\u00bb0&#8243; font_family=\u00bbnone\u00bb align=\u00bbcenter\u00bb]testimonios[\/mk_fancy_title][mk_divider style=\u00bbthin_solid\u00bb divider_width=\u00bbcustom_width\u00bb custom_width=\u00bb110&#8243; thin_single_color=\u00bb#fbdb01&#8243; thickness=\u00bb3&#8243; margin_top=\u00bb10&#8243; margin_bottom=\u00bb60&#8243;][mk_testimonials style=\u00bbmodern\u00bb show_as=\u00bbcolumn\u00bb count=\u00bb3&#8243; orderby=\u00bbrand\u00bb][\/vc_column][\/vc_row][vc_row][vc_column][mk_padding_divider size=\u00bb20&#8243;][\/vc_column][\/vc_row][vc_row][vc_column width=\u00bb5\/12&#8243;][mk_padding_divider size=\u00bb160&#8243;][mk_moving_image src=\u00bbhttps:\/\/home-services.cl\/site\/wp-content\/uploads\/2019\/12\/servicios-al-hogar-domicilio-santiago-chile.png\u00bb axis=\u00bbtossing\u00bb align=\u00bbcenter\u00bb][\/vc_column][vc_column width=\u00bb7\/12&#8243;][mk_padding_divider size=\u00bb160&#8243;][mk_fancy_title color=\u00bb#0f4c82&#8243; size=\u00bb40&#8243; font_weight=\u00bb400&#8243; txt_transform=\u00bbcapitalize\u00bb margin_bottom=\u00bb0&#8243; align=\u00bbcenter\u00bb]\u00bfnecesitas nuestra ayuda?[\/mk_fancy_title][mk_divider style=\u00bbthin_solid\u00bb divider_width=\u00bbcustom_width\u00bb custom_width=\u00bb110&#8243; thin_single_color=\u00bb#fbdb01&#8243; thickness=\u00bb3&#8243; margin_top=\u00bb10&#8243; margin_bottom=\u00bb60&#8243;][mk_contact_form style=\u00bbline\u00bb line_skin_color=\u00bb#0f4c82&#8243; email=\u00bbinfo@cerrajeroxpress.com\u00bb gdpr_consent=\u00bbfalse\u00bb][\/vc_column][\/vc_row][vc_row][vc_column][vc_raw_html]JTNDc2NyaXB0JTIwc3JjJTNEJTIyaHR0cHMlM0ElMkYlMkZ3d3cuc3RvcGNsaWNzLmNvbSUyRnN0b3BjbGljcy5qcyUzRnJ0Z2RxOWk4eDh6aW9qaWxvZ2NiJTIyJTNFJTNDJTJGc2NyaXB0JTNFJTBBJTIwJTIwJTIwJTIwJTIwJTIwJTIwJTIwJTNDbm9zY3JpcHQlM0UlMEElMjAlMjAlMjAlMjAlMjAlMjAlMjAlMjAlMjAlMjAlMjAlM0NpZnJhbWUlMjBzcmMlM0QlMjJodHRwcyUzQSUyRiUyRnd3dy5zdG9wY2xpY3MuY29tJTJGYWRtaW4lMkZFc3RhZGlzdGljYXNTVCUyRk5vSmF2YXNjcmlwdCUyRnJ0Z2RxOWk4eDh6aW9qaWxvZ2NiJTIyJTIwd2lkdGglM0QlMjIwJTIyJTIwaGVpZ2h0JTNEJTIyMCUyMiUzRSUzQyUyRmlmcmFtZSUzRSUwQSUyMCUyMCUyMCUyMCUyMCUyMCUyMCUyMCUzQyUyRm5vc2NyaXB0JTNF[\/vc_raw_html][\/vc_column][\/vc_row][vc_row][vc_column][mk_padding_divider size=\u00bb60&#8243;][\/vc_column][\/vc_row][mk_page_section bg_color=\u00bb#fbdb01&#8243; full_width=\u00bbtrue\u00bb has_top_shape_divider=\u00bbtrue\u00bb top_shape_style=\u00bbfolded-top\u00bb top_shape_color=\u00bb#ffffff\u00bb top_shape_bg_color=\u00bb#fbdb01&#8243; bottom_shape_color=\u00bb#ffffff\u00bb sidebar=\u00bbsidebar-1&#8243;][vc_column width=\u00bb2\/12&#8243;][\/vc_column][vc_column width=\u00bb5\/12&#8243;][mk_padding_divider size=\u00bb60&#8243;][mk_fancy_title tag_name=\u00bbh3&#8243; color=\u00bb#ed4622&#8243; size=\u00bb36&#8243; force_font_size=\u00bbtrue\u00bb size_tablet=\u00bb20&#8243; size_phone=\u00bb15&#8243; line_height=\u00bb90&#8243; font_weight=\u00bbbold\u00bb txt_transform=\u00bbcapitalize\u00bb margin_bottom=\u00bb0&#8243; font_family=\u00bbnone\u00bb align=\u00bbcenter\u00bb]<span style=\"color: #0f4c82;\">Ll\u00e1manos: +56 (9) 3533 1195<\/span>[\/mk_fancy_title][\/vc_column][vc_column width=\u00bb2\/12&#8243;][mk_padding_divider size=\u00bb50&#8243;][mk_button dimension=\u00bbflat\u00bb size=\u00bblarge\u00bb icon=\u00bbmk-jupiter-icon-simple-whatsapp\u00bb url=\u00bbhttps:\/\/api.whatsapp.com\/send?phone=56935331195&#8243; target=\u00bb_blank\u00bb margin_right=\u00bb0&#8243; bg_color=\u00bb#0f4c82&#8243; btn_hover_bg=\u00bb#ffffff\u00bb btn_hover_txt_color=\u00bb#0f4c82&#8243;]Whatsapp[\/mk_button][\/vc_column][vc_column width=\u00bb3\/12&#8243;][\/vc_column][\/mk_page_section]\n","protected":false},"excerpt":{"rendered":"<p>[vc_row visibility=\u00bbhidden-nb\u00bb][vc_column][mk_layerslider id=\u00bb3&#8243;][\/vc_column][\/vc_row][vc_row visibility=\u00bbvisible-nb\u00bb css=\u00bb.vc_custom_1581967499692{background-image: url(https:\/\/home-services.cl\/site\/wp-content\/uploads\/2019\/12\/cerrajer\u00cda-gasfiter\u00cda-fumigaci\u00d3n-pintura-herrer\u00cda-y-soldadura.jpg?id=852) !important;background-position: center !important;background-repeat: no-repeat !important;background-size: cover !important;}\u00bb][vc_column][mk_padding_divider][mk_fancy_title tag_name=\u00bbh1&#8243; font_family=\u00bbnone\u00bb drop_shadow=\u00bbtrue\u00bb shadow_angle=\u00bb0&#8243; shadow_distance=\u00bb0&#8243; shadow_blur=\u00bb5&#8243; shadow_color=\u00bb#ffffff\u00bb] \u00a1Servicios a domicilio! En todo Santiago de Chile 24 horas [\/mk_fancy_title][mk_padding_divider][\/vc_column][\/vc_row][vc_row][vc_column][mk_padding_divider size=\u00bb60&#8243;][\/vc_column][\/vc_row][vc_row][vc_column][mk_fancy_title tag_name=\u00bbspan\u00bb size=\u00bb80&#8243; force_font_size=\u00bbtrue\u00bb size_tablet=\u00bb30&#8243; size_phone=\u00bb30&#8243; font_weight=\u00bbbold\u00bb txt_transform=\u00bbcapitalize\u00bb margin_bottom=\u00bb0&#8243; font_family=\u00bbnone\u00bb align=\u00bbcenter\u00bb] 24 horas al d\u00eda servicio de reparaciones directo a tu casa u oficina [&hellip;]<\/p>\n","protected":false},"author":1,"featured_media":0,"parent":0,"menu_order":0,"comment_status":"closed","ping_status":"closed","template":"","meta":[],"yoast_head":"<!-- This site is optimized with the Yoast SEO plugin v14.9 - https:\/\/yoast.com\/wordpress\/plugins\/seo\/ -->\n<title>Servicios a domicilio - Home Services<\/title>\n<meta name=\"description\" content=\"Servicio de cerrajer\u00eda, gasfiter\u00eda, fumigaci\u00f3n, pintura, herrer\u00eda y soldadura a domicilio, atendemos las 24 horas del d\u00eda en todo Santiago de Chile\" \/>\n<meta name=\"robots\" content=\"index, follow, max-snippet:-1, max-image-preview:large, max-video-preview:-1\" \/>\n<link rel=\"canonical\" href=\"https:\/\/home-services.cl\/site\/\" \/>\n<meta property=\"og:locale\" content=\"es_ES\" \/>\n<meta property=\"og:type\" content=\"article\" \/>\n<meta property=\"og:title\" content=\"Servicios a domicilio - Home Services\" \/>\n<meta property=\"og:description\" content=\"Servicio de cerrajer\u00eda, gasfiter\u00eda, fumigaci\u00f3n, pintura, herrer\u00eda y soldadura a domicilio, atendemos las 24 horas del d\u00eda en todo Santiago de Chile\" \/>\n<meta property=\"og:url\" content=\"https:\/\/home-services.cl\/site\/\" \/>\n<meta property=\"og:site_name\" content=\"Home Services\" \/>\n<meta property=\"article:modified_time\" content=\"2024-01-29T21:19:58+00:00\" \/>\n<meta name=\"twitter:card\" content=\"summary_large_image\" \/>\n<script type=\"application\/ld+json\" class=\"yoast-schema-graph\">{\"@context\":\"https:\/\/schema.org\",\"@graph\":[{\"@type\":\"WebSite\",\"@id\":\"https:\/\/home-services.cl\/site\/#website\",\"url\":\"https:\/\/home-services.cl\/site\/\",\"name\":\"Home Services\",\"description\":\"Cerrajer\\u00eda Residencial\",\"potentialAction\":[{\"@type\":\"SearchAction\",\"target\":\"https:\/\/home-services.cl\/site\/?s={search_term_string}\",\"query-input\":\"required name=search_term_string\"}],\"inLanguage\":\"es\"},{\"@type\":\"WebPage\",\"@id\":\"https:\/\/home-services.cl\/site\/#webpage\",\"url\":\"https:\/\/home-services.cl\/site\/\",\"name\":\"Servicios a domicilio - Home Services\",\"isPartOf\":{\"@id\":\"https:\/\/home-services.cl\/site\/#website\"},\"datePublished\":\"2016-03-23T07:43:13+00:00\",\"dateModified\":\"2024-01-29T21:19:58+00:00\",\"description\":\"Servicio de cerrajer\\u00eda, gasfiter\\u00eda, fumigaci\\u00f3n, pintura, herrer\\u00eda y soldadura a domicilio, atendemos las 24 horas del d\\u00eda en todo Santiago de Chile\",\"breadcrumb\":{\"@id\":\"https:\/\/home-services.cl\/site\/#breadcrumb\"},\"inLanguage\":\"es\",\"potentialAction\":[{\"@type\":\"ReadAction\",\"target\":[\"https:\/\/home-services.cl\/site\/\"]}]},{\"@type\":\"BreadcrumbList\",\"@id\":\"https:\/\/home-services.cl\/site\/#breadcrumb\",\"itemListElement\":[{\"@type\":\"ListItem\",\"position\":1,\"item\":{\"@type\":\"WebPage\",\"@id\":\"https:\/\/home-services.cl\/site\/\",\"url\":\"https:\/\/home-services.cl\/site\/\",\"name\":\"Portada\"}},{\"@type\":\"ListItem\",\"position\":2,\"item\":{\"@type\":\"WebPage\",\"@id\":\"https:\/\/home-services.cl\/site\/\",\"url\":\"https:\/\/home-services.cl\/site\/\",\"name\":\"Home\"}}]}]}<\/script>\n<!-- \/ Yoast SEO plugin. -->","_links":{"self":[{"href":"https:\/\/home-services.cl\/site\/wp-json\/wp\/v2\/pages\/24"}],"collection":[{"href":"https:\/\/home-services.cl\/site\/wp-json\/wp\/v2\/pages"}],"about":[{"href":"https:\/\/home-services.cl\/site\/wp-json\/wp\/v2\/types\/page"}],"author":[{"embeddable":true,"href":"https:\/\/home-services.cl\/site\/wp-json\/wp\/v2\/users\/1"}],"replies":[{"embeddable":true,"href":"https:\/\/home-services.cl\/site\/wp-json\/wp\/v2\/comments?post=24"}],"version-history":[{"count":44,"href":"https:\/\/home-services.cl\/site\/wp-json\/wp\/v2\/pages\/24\/revisions"}],"predecessor-version":[{"id":1422,"href":"https:\/\/home-services.cl\/site\/wp-json\/wp\/v2\/pages\/24\/revisions\/1422"}],"wp:attachment":[{"href":"https:\/\/home-services.cl\/site\/wp-json\/wp\/v2\/media?parent=24"}],"curies":[{"name":"wp","href":"https:\/\/api.w.org\/{rel}","templated":true}]}}